{"id":13,"date":"2025-09-05T17:15:14","date_gmt":"2025-09-05T17:15:14","guid":{"rendered":"https:\/\/jrossello.xadobits.com\/?page_id=13"},"modified":"2025-09-05T17:45:27","modified_gmt":"2025-09-05T17:45:27","slug":"elementor-13","status":"publish","type":"page","link":"https:\/\/jrossello.xadobits.com\/?page_id=13","title":{"rendered":"Elementor #13"},"content":{"rendered":"\t\t<div data-elementor-type=\"wp-page\" data-elementor-id=\"13\" class=\"elementor elementor-13\" data-elementor-post-type=\"page\">\n\t\t\t\t<div class=\"elementor-element elementor-element-60a2ed3 e-flex e-con-boxed e-con e-parent\" data-id=\"60a2ed3\" data-element_type=\"container\" data-e-type=\"container\">\n\t\t\t\t\t<div class=\"e-con-inner\">\n\t\t\t\t<div class=\"elementor-element elementor-element-30d0ad2 elementor-widget elementor-widget-image\" data-id=\"30d0ad2\" data-element_type=\"widget\" data-e-type=\"widget\" data-widget_type=\"image.default\">\n\t\t\t\t\t\t\t\t\t\t\t\t\t\t\t<img fetchpriority=\"high\" decoding=\"async\" width=\"800\" height=\"534\" src=\"https:\/\/jrossello.xadobits.com\/wp-content\/uploads\/2025\/09\/forat2-1024x683.avif\" class=\"attachment-large size-large wp-image-10\" alt=\"\" srcset=\"https:\/\/jrossello.xadobits.com\/wp-content\/uploads\/2025\/09\/forat2-1024x683.avif 1024w, https:\/\/jrossello.xadobits.com\/wp-content\/uploads\/2025\/09\/forat2-300x200.avif 300w, https:\/\/jrossello.xadobits.com\/wp-content\/uploads\/2025\/09\/forat2-768x512.avif 768w, https:\/\/jrossello.xadobits.com\/wp-content\/uploads\/2025\/09\/forat2-1536x1024.avif 1536w, https:\/\/jrossello.xadobits.com\/wp-content\/uploads\/2025\/09\/forat2-2048x1365.avif 2048w\" sizes=\"(max-width: 800px) 100vw, 800px\" \/>\t\t\t\t\t\t\t\t\t\t\t\t\t\t\t<\/div>\n\t\t\t\t\t<\/div>\n\t\t\t\t<\/div>\n\t\t<div class=\"elementor-element elementor-element-5a99146 e-flex e-con-boxed e-con e-parent\" data-id=\"5a99146\" data-element_type=\"container\" data-e-type=\"container\">\n\t\t\t\t\t<div class=\"e-con-inner\">\n\t\t\t\t<div class=\"elementor-element elementor-element-6b218bb elementor-widget elementor-widget-heading\" data-id=\"6b218bb\" data-element_type=\"widget\" data-e-type=\"widget\" data-widget_type=\"heading.default\">\n\t\t\t\t\t<h2 class=\"elementor-heading-title elementor-size-default\">Afegeix aqu\u00ed el text de cap\u00e7alera<\/h2>\t\t\t\t<\/div>\n\t\t\t\t<div class=\"elementor-element elementor-element-25a4c8d elementor-widget-divider--view-line elementor-widget elementor-widget-divider\" data-id=\"25a4c8d\" data-element_type=\"widget\" data-e-type=\"widget\" data-widget_type=\"divider.default\">\n\t\t\t\t\t\t\t<div class=\"elementor-divider\">\n\t\t\t<span class=\"elementor-divider-separator\">\n\t\t\t\t\t\t<\/span>\n\t\t<\/div>\n\t\t\t\t\t\t<\/div>\n\t\t\t\t<div class=\"elementor-element elementor-element-ebda7cb elementor-widget elementor-widget-button\" data-id=\"ebda7cb\" data-element_type=\"widget\" data-e-type=\"widget\" data-widget_type=\"button.default\">\n\t\t\t\t\t\t\t\t\t\t<a class=\"elementor-button elementor-button-link elementor-size-sm\" href=\"#\">\n\t\t\t\t\t\t<span class=\"elementor-button-content-wrapper\">\n\t\t\t\t\t\t\t\t\t<span class=\"elementor-button-text\">Feu clic aqu\u00ed<\/span>\n\t\t\t\t\t<\/span>\n\t\t\t\t\t<\/a>\n\t\t\t\t\t\t\t\t<\/div>\n\t\t\t\t<div class=\"elementor-element elementor-element-54abab2 elementor-widget elementor-widget-spacer\" data-id=\"54abab2\" data-element_type=\"widget\" data-e-type=\"widget\" data-widget_type=\"spacer.default\">\n\t\t\t\t\t\t\t<div class=\"elementor-spacer\">\n\t\t\t<div class=\"elementor-spacer-inner\"><\/div>\n\t\t<\/div>\n\t\t\t\t\t\t<\/div>\n\t\t\t\t<div class=\"elementor-element elementor-element-b7a2ac8 elementor-widget elementor-widget-gallery\" data-id=\"b7a2ac8\" data-element_type=\"widget\" data-e-type=\"widget\" data-settings=\"{&quot;lazyload&quot;:&quot;yes&quot;,&quot;gallery_layout&quot;:&quot;grid&quot;,&quot;columns&quot;:4,&quot;columns_tablet&quot;:2,&quot;columns_mobile&quot;:1,&quot;gap&quot;:{&quot;unit&quot;:&quot;px&quot;,&quot;size&quot;:10,&quot;sizes&quot;:[]},&quot;gap_tablet&quot;:{&quot;unit&quot;:&quot;px&quot;,&quot;size&quot;:10,&quot;sizes&quot;:[]},&quot;gap_mobile&quot;:{&quot;unit&quot;:&quot;px&quot;,&quot;size&quot;:10,&quot;sizes&quot;:[]},&quot;link_to&quot;:&quot;file&quot;,&quot;aspect_ratio&quot;:&quot;3:2&quot;,&quot;overlay_background&quot;:&quot;yes&quot;,&quot;content_hover_animation&quot;:&quot;fade-in&quot;}\" data-widget_type=\"gallery.default\">\n\t\t\t\t\t\t\t<div class=\"elementor-gallery__container\">\n\t\t\t\t\t\t\t<a class=\"e-gallery-item elementor-gallery-item elementor-animated-content\" href=\"https:\/\/jrossello.xadobits.com\/wp-content\/uploads\/2025\/09\/forat2-scaled.avif\" data-elementor-open-lightbox=\"yes\" data-elementor-lightbox-slideshow=\"b7a2ac8\" data-elementor-lightbox-title=\"forat2\" data-e-action-hash=\"#elementor-action%3Aaction%3Dlightbox%26settings%3DeyJpZCI6MTAsInVybCI6Imh0dHBzOlwvXC9qcm9zc2VsbG8ueGFkb2JpdHMuY29tXC93cC1jb250ZW50XC91cGxvYWRzXC8yMDI1XC8wOVwvZm9yYXQyLXNjYWxlZC5hdmlmIiwic2xpZGVzaG93IjoiYjdhMmFjOCJ9\">\n\t\t\t\t\t<div class=\"e-gallery-image elementor-gallery-item__image\" data-thumbnail=\"https:\/\/jrossello.xadobits.com\/wp-content\/uploads\/2025\/09\/forat2-300x200.avif\" data-width=\"300\" data-height=\"200\" aria-label=\"\" role=\"img\" ><\/div>\n\t\t\t\t\t\t\t\t\t\t\t<div class=\"elementor-gallery-item__overlay\"><\/div>\n\t\t\t\t\t\t\t\t\t\t\t\t\t\t<\/a>\n\t\t\t\t\t<\/div>\n\t\t\t\t\t<\/div>\n\t\t\t\t<div class=\"elementor-element elementor-element-3aedc9e elementor-widget elementor-widget-heading\" data-id=\"3aedc9e\" data-element_type=\"widget\" data-e-type=\"widget\" data-widget_type=\"heading.default\">\n\t\t\t\t\t<h2 class=\"elementor-heading-title elementor-size-default\">Afegeix aqu\u00ed el text de cap\u00e7alera<\/h2>\t\t\t\t<\/div>\n\t\t\t\t<div class=\"elementor-element elementor-element-e4e8ee1 elementor-widget elementor-widget-video\" data-id=\"e4e8ee1\" data-element_type=\"widget\" data-e-type=\"widget\" data-settings=\"{&quot;youtube_url&quot;:&quot;https:\\\/\\\/www.youtube.com\\\/watch?v=XHOmBV4js_E&quot;,&quot;video_type&quot;:&quot;youtube&quot;,&quot;controls&quot;:&quot;yes&quot;}\" data-widget_type=\"video.default\">\n\t\t\t\t\t\t\t<div class=\"elementor-wrapper elementor-open-inline\">\n\t\t\t<div class=\"elementor-video\"><\/div>\t\t<\/div>\n\t\t\t\t\t\t<\/div>\n\t\t\t\t\t<\/div>\n\t\t\t\t<\/div>\n\t\t\t\t<\/div>\n\t\t","protected":false},"excerpt":{"rendered":"<p>Afegeix aqu\u00ed el text de cap\u00e7alera Feu clic aqu\u00ed Afegeix aqu\u00ed el text de cap\u00e7alera https:\/\/www.youtube.com\/watch?v=XHOmBV4js_E<\/p>\n","protected":false},"author":2,"featured_media":0,"parent":0,"menu_order":0,"comment_status":"closed","ping_status":"closed","template":"","meta":{"footnotes":""},"class_list":["post-13","page","type-page","status-publish","hentry"],"_links":{"self":[{"href":"https:\/\/jrossello.xadobits.com\/index.php?rest_route=\/wp\/v2\/pages\/13","targetHints":{"allow":["GET"]}}],"collection":[{"href":"https:\/\/jrossello.xadobits.com\/index.php?rest_route=\/wp\/v2\/pages"}],"about":[{"href":"https:\/\/jrossello.xadobits.com\/index.php?rest_route=\/wp\/v2\/types\/page"}],"author":[{"embeddable":true,"href":"https:\/\/jrossello.xadobits.com\/index.php?rest_route=\/wp\/v2\/users\/2"}],"replies":[{"embeddable":true,"href":"https:\/\/jrossello.xadobits.com\/index.php?rest_route=%2Fwp%2Fv2%2Fcomments&post=13"}],"version-history":[{"count":13,"href":"https:\/\/jrossello.xadobits.com\/index.php?rest_route=\/wp\/v2\/pages\/13\/revisions"}],"predecessor-version":[{"id":33,"href":"https:\/\/jrossello.xadobits.com\/index.php?rest_route=\/wp\/v2\/pages\/13\/revisions\/33"}],"wp:attachment":[{"href":"https:\/\/jrossello.xadobits.com\/index.php?rest_route=%2Fwp%2Fv2%2Fmedia&parent=13"}],"curies":[{"name":"wp","href":"https:\/\/api.w.org\/{rel}","templated":true}]}}